{"id":50,"date":"2019-01-22T14:23:22","date_gmt":"2019-01-22T14:23:22","guid":{"rendered":"http:\/\/surowo-loftowo.pl\/?page_id=50"},"modified":"2022-06-11T18:50:30","modified_gmt":"2022-06-11T18:50:30","slug":"polityka-prywatnosci","status":"publish","type":"page","link":"https:\/\/surowo-loftowo.pl\/?page_id=50","title":{"rendered":"Polityka Prywatno\u015bci"},"content":{"rendered":"[vc_row][vc_column][vc_column_text]\n<p><span style=\"color: #000000;\"><strong>Drogi U\u017cytkowniku!<\/strong><\/span><\/p>\n\n<p><span style=\"color: #000000;\">Dbamy o Twoj\u0105 prywatno\u015b\u0107 i chcemy, aby\u015b w czasie korzystania z naszych us\u0142ug czu\u0142 si\u0119 komfortowo. Dlatego te\u017c poni\u017cej prezentujemy Ci najwa\u017cniejsze informacje o zasadach przetwarzania przez nas Twoich danych osobowych oraz plikach cookies, kt\u00f3re s\u0105 wykorzystywane przez nasz Serwis. Informacje te zosta\u0142y przygotowane z uwzgl\u0119dnieniem RODO, czyli og\u00f3lnego rozporz\u0105dzenia o ochronie danych.<\/span><\/p>\n\n<p><span style=\"color: #000000;\"><strong>ADMINISTRATOR DANYCH OSOBOWYCH (&#8222;Administrator&#8221;)<\/strong><\/span><\/p>\n<p><span style=\"color: #000000;\">Adam Jeziorski przedsi\u0119biorca prowadz\u0105cy dzia\u0142alno\u015b\u0107 gospodarcz\u0105 pod nazw\u0105 Aj-Loft\u00a0Adam Jeziorski, Malownicza 146a, 42-271 Cz\u0119stochowa, wpisany do Centralnej Ewidencji i Informacji o Dzia\u0142alno\u015bci Gospodarczej prowadzonej przez ministra w\u0142a\u015bciwego do spraw gospodarki i prowadzenia Centralnej Ewidencji i Informacji o Dzia\u0142alno\u015bci Gospodarczej, NIP 5741895932.<\/span><\/p>\n\n<p><span style=\"color: #000000;\"><strong>DANE OSOBOWE I PRYWATNO\u015a\u0106<\/strong><\/span><\/p>\n\n<p><span style=\"color: #000000;\">Je\u015bli zamierzasz za\u0142o\u017cy\u0107 Konto U\u017cytkownika oraz korzysta\u0107 z naszych us\u0142ug, zostaniesz poproszony o podanie nam Twoich danych osobowych.Twoje dane przetwarzane s\u0105 przez nas we wskazanych poni\u017cej celach, zwi\u0105zanych z funkcjonowaniem Serwisu i \u015bwiadczeniem us\u0142ug w nim oferowanych (\u201eUs\u0142ugi\u201d).<\/span><\/p>\n\n<p><span style=\"color: #000000;\"><strong>Cel przetwarzania:<\/strong><\/span><\/p>\n\n<p><span style=\"color: #000000;\">W zale\u017cno\u015bci od tego, na co si\u0119 zdecydujesz, mo\u017ce to by\u0107:<\/span><\/p>\n\n\n<ul>\n<li><span style=\"color: #000000;\">\u015awiadczenie us\u0142ug oferowanych w Serwisie<\/span><\/li>\n<li><span style=\"color: #000000;\">Realizacja Twoich zam\u00f3wie\u0144<\/span><\/li>\n<li><span style=\"color: #000000;\">Marketing bezpo\u015bredni oferowanych us\u0142ug, inny ni\u017c newsletter<\/span><\/li>\n<li><span style=\"color: #000000;\">Przesy\u0142anie newslettera<\/span><\/li>\n<\/ul>\n\n<p><span style=\"color: #000000;\"><strong>Podstawa przetwarzania:<\/strong><\/span><\/p>\n\n\n<ul>\n<li><span style=\"color: #000000;\">Umowa sprzeda\u017cy lub dzia\u0142ania podejmowane na Twoje \u017c\u0105danie, zmierzaj\u0105ce do jej zawarcia (art. 6 ust. 1 lit. b RODO)<\/span><\/li>\n<li><span style=\"color: #000000;\">Ci\u0105\u017c\u0105cy na nas obowi\u0105zek prawny, np. zwi\u0105zany z rachunkowo\u015bci\u0105 (art. 6 ust. 1 lit. c RODO)<\/span><\/li>\n<li><span style=\"color: #000000;\">Twoja zgoda wyra\u017cona w Serwisu (art. 6 ust. 1 lit. a RODO)<\/span><\/li>\n<li><span style=\"color: #000000;\">Umowa o \u015bwiadczenie us\u0142ug lub dzia\u0142ania podejmowane na Twoje \u017c\u0105danie, zmierzaj\u0105ce do jej zawarcia (art. 6 ust. 1 lit. b RODO)<\/span><\/li>\n<li><span style=\"color: #000000;\">Nasz prawnie uzasadniony interes, polegaj\u0105cy na przetwarzaniu danych w celu ustalenia, dochodzenia lub obrony ewentualnych roszcze\u0144 (art. 6 ust. 1 lit. f RODO)<\/span><\/li>\n<li><span style=\"color: #000000;\">Nasz prawnie uzasadniony interes, polegaj\u0105cy na prowadzeniu marketingu bezpo\u015bredniego (art. 6 ust. 1 lit. f RODO)<\/span><\/li>\n<li><span style=\"color: #000000;\">Nasz prawnie uzasadniony interes polegaj\u0105cy na przetwarzaniu danych w celach analitycznych i statystycznych (art. 6 ust. 1 lit. f RODO)<\/span><\/li>\n<li><span style=\"color: #000000;\">Nasz prawnie uzasadniony interes polegaj\u0105cy na badaniu satysfakcji klient\u00f3w (art. 6 ust. 1 lit. f RODO)<\/span><\/li>\n<\/ul>\n\n<p><span style=\"color: #000000;\"><strong>Podanie danych:<\/strong><\/span><\/p>\n\n\n<ul>\n<li><span style=\"color: #000000;\">Dobrowolne, ale w niekt\u00f3rych przypadkach mo\u017ce by\u0107 konieczne do zawarcia umowy.<\/span><\/li>\n<\/ul>\n\n<p><span style=\"color: #000000;\"><strong>Skutek niepodania danych:<\/strong><\/span><\/p>\n\n<p><span style=\"color: #000000;\">W zale\u017cno\u015bci od celu, w jakim dane s\u0105 podawane:<\/span><\/p>\n\n\n<ul>\n<li><span style=\"color: #000000;\">brak mo\u017cliwo\u015bci zarejestrowania si\u0119 w Serwisie<\/span><\/li>\n<li><span style=\"color: #000000;\">brak mo\u017cliwo\u015bci korzystania z us\u0142ug Serwisu<\/span><\/li>\n<li><span style=\"color: #000000;\">brak mo\u017cliwo\u015bci otrzymywania informacji o promocjach czy ofertach specjalnych, oferowanych w Serwisie<\/span><\/li>\n<\/ul>\n\n<p><span style=\"color: #000000;\"><strong>Mo\u017cliwo\u015b\u0107 cofni\u0119cia zgody:<\/strong><\/span><\/p>\n\n\n<ul>\n<li><span style=\"color: #000000;\">w ka\u017cdej chwili<\/span><\/li>\n<\/ul>\n\n<p><span style=\"color: #000000;\">Przetwarzanie danych do momentu cofni\u0119cia przez Ciebie zgody pozostaje zgodne z prawem.<\/span><\/p>\n\n<p><span style=\"color: #000000;\"><strong>PROFILOWANIE<\/strong><\/span><\/p>\n\n<p><span style=\"color: #000000;\">W ramach Serwisie mo\u017cemy automatycznie dopasowywa\u0107 pewne tre\u015bci do Twoich potrzeb, tj. dokonywa\u0107 profilowania, wykorzystuj\u0105c do tego podane przez Ciebie dane osobowe.W przypadku, gdyby profilowanie mog\u0142o skutkowa\u0107 podejmowaniem decyzji wywo\u0142uj\u0105cych wobec Ciebie skutki prawne lub wp\u0142ywaj\u0105cych na Ciebie w podobnie istotny spos\u00f3b, b\u0119dziemy je przeprowadza\u0107 tylko wtedy, gdy wyrazisz na to zgod\u0119.Pami\u0119taj, \u017ce zgod\u0119 w ka\u017cdej chwili mo\u017cesz odwo\u0142a\u0107. Przetwarzanie danych do momentu cofni\u0119cia przez Ciebie zgody pozostaje zgodne z prawem.<\/span><\/p>\n\n<p><span style=\"color: #000000;\"><strong>OKRES PRZETWARZANIA<\/strong><\/span><\/p>\n\n<p><span style=\"color: #000000;\">Twoje dane b\u0119dziemy przetwarza\u0107 tylko przez okres, w kt\u00f3rym b\u0119dziemy mie\u0107 ku temu podstaw\u0119 prawn\u0105, a wi\u0119c do momentu, w kt\u00f3rym:<\/span><\/p>\n\n\n<ul>\n<li><span style=\"color: #000000;\">przestanie ci\u0105\u017cy\u0107 na nas obowi\u0105zek prawny, zobowi\u0105zuj\u0105cy nas do przetwarzania Twoich danych<\/span><\/li>\n<li><span style=\"color: #000000;\">ustanie mo\u017cliwo\u015b\u0107 ustalania, dochodzenia lub obrony ewentualnych roszcze\u0144 zwi\u0105zanych z umow\u0105 zawart\u0105 przez Serwis przez strony<\/span><\/li>\n<li><span style=\"color: #000000;\">cofniesz zgod\u0119 na przetwarzanie danych, je\u015bli to ona by\u0142a jego podstaw\u0105<\/span><\/li>\n<li><span style=\"color: #000000;\">zostanie przyj\u0119ty Tw\u00f3j sprzeciw wobec przetwarzania Twoich danych osobowych &#8211; w przypadku gdy podstaw\u0105 przetwarzania Twoich danych by\u0142 uzasadniony interes administratora lub gdy dane by\u0142y przetwarzane w celu marketingu bezpo\u015bredniego, w tym profilowania<\/span><\/li>\n<\/ul>\n\n<p><span style=\"color: #000000;\">&#8211; w zale\u017cno\u015bci od tego, co ma zastosowanie w danym przypadku i co nast\u0105pi najp\u00f3\u017aniej.<\/span><\/p>\n\n<p><span style=\"color: #000000;\"><strong>BEZPIECZE\u0143STWO DANYCH<\/strong><\/span><\/p>\n\n<p><span style=\"color: #000000;\">Przetwarzaj\u0105c Twoje dane osobowe stosujemy \u015brodki organizacyjne i techniczne zgodne z w\u0142a\u015bciwymi przepisami prawa, w tym stosujemy szyfrowanie po\u0142\u0105czenia za pomoc\u0105 certyfikatu SSL.<\/span><\/p>\n\n<p><span style=\"color: #000000;\"><strong>TWOJE UPRAWNIENIA<\/strong><\/span><\/p>\n\n<p><span style=\"color: #000000;\">Przys\u0142uguje Ci prawo \u017c\u0105dania:<\/span><\/p>\n\n\n<ul>\n<li><span style=\"color: #000000;\">dost\u0119pu do Twoich danych osobowych,<\/span><\/li>\n<li><span style=\"color: #000000;\">ich sprostowania,<\/span><\/li>\n<li><span style=\"color: #000000;\">usuni\u0119cia,<\/span><\/li>\n<li><span style=\"color: #000000;\">ograniczenia przetwarzania,<\/span><\/li>\n<li><span style=\"color: #000000;\">\u017c\u0105dania przeniesienia danych do innego administratora,<\/span><\/li>\n<\/ul>\n\n<p><span style=\"color: #000000;\">A tak\u017ce:<\/span><\/p>\n\n\n<ul>\n<li><span style=\"color: #000000;\">wniesienia w dowolnym momencie sprzeciwu wobec przetwarzania Twoich danych:<\/span>\n<ul>\n<li><span style=\"color: #000000;\">z przyczyn zwi\u0105zanych z Twoj\u0105 szczeg\u00f3ln\u0105 sytuacj\u0105 \u2013 wobec przetwarzania dotycz\u0105cych Ciebie danych osobowych, opartego na art. 6 ust. 1 lit. f RODO (tj. na prawnie uzasadnionych interesach realizowanych przez administratora), w tym profilowania na podstawie tych przepis\u00f3w,<\/span><\/li>\n<li><span style=\"color: #000000;\">je\u017celi dane osobowe s\u0105 przetwarzane na potrzeby marketingu bezpo\u015bredniego, w tym profilowania, w zakresie, w jakim przetwarzanie jest zwi\u0105zane z takim marketingiem bezpo\u015brednim.<\/span><\/li>\n<\/ul>\n<\/li>\n<\/ul>\n\n<p><span style=\"color: #000000;\">Skontaktuj si\u0119 z nami, je\u015bli chcesz skorzysta\u0107 ze swoich praw.Je\u015bli uznasz, \u017ce Twoje dane s\u0105 przetwarzane niezgodnie z prawem, mo\u017cesz z\u0142o\u017cy\u0107 skarg\u0119 do organu nadzorczego.<\/span><\/p>\n\n<p><span style=\"color: #000000;\"><strong>CIASTECZKA<\/strong><\/span><\/p>\n\n<p><span style=\"color: #000000;\">Nasz Serwis, jak wi\u0119kszo\u015b\u0107 witryn internetowych, korzysta z tzw. plik\u00f3w cookies (ciasteczek). Pliki te:<\/span><\/p>\n\n\n<ul>\n<li><span style=\"color: #000000;\">s\u0105 zapisywane w pami\u0119ci Twojego urz\u0105dzenia (komputera, telefonu, itd.)<\/span><\/li>\n<li><span style=\"color: #000000;\">umo\u017cliwiaj\u0105 Ci, m.in., korzystanie ze wszystkich funkcji Serwisu<\/span><\/li>\n<li><span style=\"color: #000000;\">nie powoduj\u0105 zmian w ustawieniach Twojego urz\u0105dzenia<\/span><\/li>\n<\/ul>\n\n<p><span style=\"color: #000000;\">Korzystaj\u0105c z odpowiednich opcji Twojej przegl\u0105darki, w ka\u017cdej chwili mo\u017cesz:<\/span><\/p>\n\n\n<ul>\n<li><span style=\"color: #000000;\">usun\u0105\u0107 pliki cookies<\/span><\/li>\n<li><span style=\"color: #000000;\">blokowa\u0107 wykorzystanie plik\u00f3w cookies w przysz\u0142o\u015bci<\/span><\/li>\n<\/ul>\n\n<p><span style=\"color: #000000;\">W tym Serwisie ciasteczka wykorzystywane s\u0105 w celu:<\/span><\/p>\n\n\n<ul>\n<li><span style=\"color: #000000;\">zapami\u0119tywania informacji o Twojej sesji<\/span><\/li>\n<li><span style=\"color: #000000;\">statystycznym<\/span><\/li>\n<li><span style=\"color: #000000;\">marketingowym<\/span><\/li>\n<li><span style=\"color: #000000;\">udost\u0119pniania funkcji Serwisu<\/span><\/li>\n<\/ul>\n\n<p><span style=\"color: #000000;\">Aby dowiedzie\u0107 si\u0119 jak zarz\u0105dza\u0107 plikami cookies, w tym jak wy\u0142\u0105czy\u0107 ich obs\u0142ug\u0119 w Twojej przegl\u0105darce, mo\u017cesz skorzysta\u0107 z pliku pomocy Twojej przegl\u0105darki. Z informacjami na ten temat mo\u017cesz zapozna\u0107 si\u0119 wciskaj\u0105c klawisz F1 w przegl\u0105darce. Ponadto odpowiednie wskaz\u00f3wki znajdziesz na nast\u0119puj\u0105cych podstronach, w zale\u017cno\u015bci od przegl\u0105darki, kt\u00f3rej u\u017cywasz:<\/span><\/p>\n\n\n<ul>\n<li><span style=\"color: #000000;\"><a style=\"color: #000000;\" href=\"https:\/\/support.mozilla.org\/pl\/kb\/W%C5%82%C4%85czanie%20i%20wy%C5%82%C4%85czanie%20obs%C5%82ugi%20ciasteczek\">Firefox<\/a><\/span><\/li>\n<li><span style=\"color: #000000;\"><a style=\"color: #000000;\" href=\"https:\/\/support.google.com\/chrome\/answer\/95647?hl=plX\">Chrome<\/a><\/span><\/li>\n<li><span style=\"color: #000000;\"><a style=\"color: #000000;\" href=\"https:\/\/support.apple.com\/kb\/PH5042?locale=en_US\">Safari<\/a><\/span><\/li>\n<li><span style=\"color: #000000;\"><a style=\"color: #000000;\" href=\"http:\/\/windows.microsoft.com\/pl-pl\/windows-10\/edge-privacy-faq\">Internet Explorer \/ Microsoft Edge<\/a><\/span><\/li>\n<\/ul>\n\n<p><span style=\"color: #000000;\">Wi\u0119cej informacji o ciasteczkach znajdziesz w\u00a0<a style=\"color: #000000;\" href=\"https:\/\/pl.wikipedia.org\/wiki\/HTTP_cookie\">Wikipedii<\/a>.<\/span><\/p>\n\n<p><span style=\"color: #000000;\"><strong>US\u0141UGI ZEWN\u0118TRZNE \/ ODBIORCY DANYCH<\/strong><\/span><\/p>\n\n<p><span style=\"color: #000000;\">Korzystamy z us\u0142ug podmiot\u00f3w zewn\u0119trznych, kt\u00f3rym mog\u0105 by\u0107 przekazywane Twoje dane. Poni\u017cej znajduje si\u0119 lista mo\u017cliwych odbiorc\u00f3w Twoich danych:<\/span><\/p>\n\n\n<ul>\n<li><span style=\"color: #000000;\">dostawca oprogramowania potrzebnego do prowadzenia serwisu internetowego<\/span><\/li>\n<li><span style=\"color: #000000;\">hostingodawca<\/span><\/li>\n<li><span style=\"color: #000000;\">osoby wsp\u00f3\u0142pracuj\u0105ce z nami na podstawie um\u00f3w cywilnoprawnych, wspieraj\u0105ce nasz\u0105 bie\u017c\u0105c\u0105 dzia\u0142alno\u015b\u0107<\/span><\/li>\n<li><span style=\"color: #000000;\">podmiot zapewniaj\u0105cy nam wsparcie techniczne<\/span><\/li>\n<li><span style=\"color: #000000;\">podmiot zapewniaj\u0105cy system mailingowy<\/span><\/li>\n<li><span style=\"color: #000000;\">podmiot zapewniaj\u0105cy us\u0142ugi marketingowe<\/span><\/li>\n<li><span style=\"color: #000000;\">podmiot zapewniaj\u0105cy us\u0142ugi statystyczne<\/span><\/li>\n<li><span style=\"color: #000000;\">odpowiednie organy publiczne w zakresie, w jakim Administrator jest zobowi\u0105zany do udost\u0119pnienia im danych<\/span><\/li>\n<\/ul>\n\n<p><span style=\"color: #000000;\"><strong>KONTAKT Z ADMINISTRATOREM<\/strong><\/span><\/p>\n\n<p><span style=\"color: #000000;\">Chcesz skorzysta\u0107 ze swoich uprawnie\u0144 dotycz\u0105cych danych osobowych?A mo\u017ce po prostu chcesz zapyta\u0107 o co\u015b zwi\u0105zanego z nasz\u0105 Polityk\u0105 Prywatno\u015bci? Napisz na adres e-mail: <\/span><a href=\"mailto:kontakt@surowo-loftowo.pl\"><span style=\"color: #000000;\">kontakt@surowo-loftowo.pl<\/span><\/a><\/p>\n<p>\u00a0<\/p>\n[\/vc_column_text][\/vc_column][\/vc_row]\n","protected":false},"excerpt":{"rendered":"<p>[vc_row][vc_column][vc_column_text] Drogi U\u017cytkowniku! Dbamy o Twoj\u0105 prywatno\u015b\u0107 i chcemy, aby\u015b w czasie korzystania z naszych us\u0142ug czu\u0142 si\u0119 komfortowo. Dlatego te\u017c poni\u017cej prezentujemy Ci najwa\u017cniejsze informacje o zasadach przetwarzania przez nas Twoich danych osobowych oraz plikach cookies, kt\u00f3re s\u0105 wykorzystywane&hellip;<\/p>\n","protected":false},"author":1,"featured_media":0,"parent":0,"menu_order":0,"comment_status":"closed","ping_status":"closed","template":"","meta":[],"_links":{"self":[{"href":"https:\/\/surowo-loftowo.pl\/index.php?rest_route=\/wp\/v2\/pages\/50"}],"collection":[{"href":"https:\/\/surowo-loftowo.pl\/index.php?rest_route=\/wp\/v2\/pages"}],"about":[{"href":"https:\/\/surowo-loftowo.pl\/index.php?rest_route=\/wp\/v2\/types\/page"}],"author":[{"embeddable":true,"href":"https:\/\/surowo-loftowo.pl\/index.php?rest_route=\/wp\/v2\/users\/1"}],"replies":[{"embeddable":true,"href":"https:\/\/surowo-loftowo.pl\/index.php?rest_route=%2Fwp%2Fv2%2Fcomments&post=50"}],"version-history":[{"count":8,"href":"https:\/\/surowo-loftowo.pl\/index.php?rest_route=\/wp\/v2\/pages\/50\/revisions"}],"predecessor-version":[{"id":329,"href":"https:\/\/surowo-loftowo.pl\/index.php?rest_route=\/wp\/v2\/pages\/50\/revisions\/329"}],"wp:attachment":[{"href":"https:\/\/surowo-loftowo.pl\/index.php?rest_route=%2Fwp%2Fv2%2Fmedia&parent=50"}],"curies":[{"name":"wp","href":"https:\/\/api.w.org\/{rel}","templated":true}]}}