{"id":2,"date":"2016-06-23T00:58:00","date_gmt":"2016-06-23T00:58:00","guid":{"rendered":"http:\/\/totaltheme.wpengine.com\/cafe\/?page_id=2"},"modified":"2025-06-22T19:34:58","modified_gmt":"2025-06-22T19:34:58","slug":"home","status":"publish","type":"page","link":"https:\/\/surowo-loftowo.pl\/","title":{"rendered":"Home"},"content":{"rendered":"[vc_row full_width=&#8221;stretch_row_content_no_spaces&#8221; column_spacing=&#8221;0px&#8221;][vc_column visibility=&#8221;visible-phone&#8221;][rev_slider_vc alias=&#8221;mobileslider&#8221;][\/vc_column][\/vc_row][vc_row full_width=&#8221;stretch_row_content_no_spaces&#8221; column_spacing=&#8221;0px&#8221; css=&#8221;.vc_custom_1594707770673{background-color: #ffffff !important;}&#8221;][vc_column visibility=&#8221;hidden-phone&#8221;][rev_slider_vc alias=&#8221;cafe-home&#8221;][\/vc_column][\/vc_row][vc_row full_width=&#8221;stretch_row_content_no_spaces&#8221; css=&#8221;.vc_custom_1585935398223{padding-top: 30px !important;}&#8221;][vc_column css=&#8221;.vc_custom_1585940532567{padding-left: 30px !important;}&#8221;][vc_column_text responsive_text=&#8221;true&#8221; font_size=&#8221;35&#8243; text_align=&#8221;center&#8221; color=&#8221;#000000&#8243; css=&#8221;.vc_custom_1749825068287{padding-top: 35px !important;padding-bottom: 35px !important;}&#8221;]\n<p style=\"text-align: center;\"><b>WYSOKIEJ JAKO\u015aCI US\u0141UGI WYKO\u0143CZENIA WN\u0118TRZ<\/b><\/p>\n<p style=\"text-align: center;\"><strong>Loft &amp; Handmade \u2013 tu rodzi si\u0119 unikat.<\/strong><\/p>\n[\/vc_column_text][\/vc_column][\/vc_row][vc_row full_width=&#8221;stretch_row_content_no_spaces&#8221; column_spacing=&#8221;0px&#8221; wpex_fixed_bg=&#8221;fixed&#8221; css=&#8221;.vc_custom_1655366585400{background-color: #d6d5d5 !important;background-position: center !important;background-repeat: no-repeat !important;background-size: contain !important;}&#8221; el_id=&#8221;ofirmie&#8221;][vc_column width=&#8221;1\/2&#8243; css=&#8221;.vc_custom_1583490117661{background-position: center !important;background-repeat: no-repeat !important;background-size: contain !important;}&#8221;][vc_single_image image=&#8221;373&#8243; css_animation=&#8221;zoomIn&#8221; alignment=&#8221;right&#8221; css=&#8221;.vc_custom_1749824789452{padding-top: 33px !important;padding-bottom: 33px !important;padding-left: 75px !important;}&#8221;][\/vc_column][vc_column width=&#8221;1\/2&#8243; css=&#8221;.vc_custom_1655321677679{padding-left: 60px !important;background-color: #d6d5d5 !important;}&#8221;][vc_column_text responsive_text=&#8221;true&#8221; font_family=&#8221;Georgia, serif&#8221; css=&#8221;.vc_custom_1749825161855{padding-top: 66px !important;padding-right: 60px !important;background-color: #d6d5d5 !important;}&#8221; color=&#8221;#0a0a0a&#8221; font_weight=&#8221;normal&#8221; font_size=&#8221;19&#8243;]\n<p dir=\"auto\" data-pm-slice=\"1 1 []\">Remont domu to jeden z najwa\u017cniejszych krok\u00f3w w budowaniu designu Twojego domu lub mieszkania. Wa\u017cne jest, aby wzi\u0105\u0107 pod uwag\u0119 r\u00f3\u017cne potrzeby i wymagania, kt\u00f3re nale\u017cy spe\u0142ni\u0107 podczas remontu.Niezwykle wa\u017cne s\u0105: do\u015bwiadczenie oraz wysoka jako\u015b\u0107 us\u0142ug i u\u017cytych produkt\u00f3w. To w\u0142a\u015bnie te czynniki wp\u0142yn\u0105 na finalny efekt, kt\u00f3ry pos\u0142u\u017cy jeszcze przez wiele lat.<\/p>\n<p dir=\"auto\" data-pm-slice=\"1 1 []\">Je\u015bli szukasz zaufanej firmy, kt\u00f3ra wyremontuje Twoje mieszkanie zgodnie z Twoimi upodobaniami i w odpowiedniej cenie, to jeste\u015b we w\u0142a\u015bciwym miejscu. Nasza firma oferuje szeroki zakres us\u0142ug w kontek\u015bcie kompleksowego wyko\u0144czenia wn\u0119trz.<\/p>\n<p dir=\"auto\" data-pm-slice=\"1 1 []\"><strong data-start=\"402\" data-end=\"434\">LOFT | HANDMADE | ONE &amp; ONLY<\/strong><\/p>\n<p dir=\"auto\" data-pm-slice=\"1 1 []\"><strong>Industrialny charakter, rzemie\u015blnicza dusza.<\/strong><br data-start=\"434\" data-end=\"437\" \/>Tworzymy meble i dodatki, kt\u00f3re nie trafiaj\u0105 na ta\u015bm\u0119 \u2013 powstaj\u0105 spod d\u0142oni rzemie\u015blnika. Ka\u017cdy egzemplarz r\u00f3\u017cni si\u0119 detalem i histori\u0105 s\u0142oj\u00f3w czy spaw\u00f3w. Witaj w miejscu, gdzie surowy industrial spotyka ciep\u0142o r\u0119cznej pracy.<\/p>\n<p dir=\"auto\" data-pm-slice=\"1 1 []\">Ju\u017c teraz skontaktuj si\u0119 z nami i um\u00f3w na bezp\u0142atn\u0105 wycen\u0119 oraz doradztwo.<\/p>\n[\/vc_column_text][\/vc_column][\/vc_row][vc_row full_width=&#8221;stretch_row&#8221; column_spacing=&#8221;0px&#8221; parallax=&#8221;content-moving&#8221; css=&#8221;.vc_custom_1655321808266{padding-bottom: 30px !important;background-color: #ffffff !important;}&#8221; el_id=&#8221;uslugi&#8221;][vc_column width=&#8221;1\/2&#8243;]<h1 class=\"vcex-module vcex-heading vcex-heading-plain vc_custom_1655321722346\" style=\"color:#0a0a0a;font-family:Georgia, serif;font-size:46px;letter-spacing:5px;font-weight:700;text-transform:capitalize;\"><span class=\"vcex-heading-inner clr\">zakres us\u0142ug<\/span><\/h1>[vc_column_text responsive_text=&#8221;true&#8221; font_family=&#8221;Georgia, serif&#8221; color=&#8221;#0a0a0a&#8221;]| wyko\u0144czenia wn\u0119trz<br \/>\n| sufity<br \/>\n| tynki dekoracyjne<br \/>\n| malowanie<br \/>\n| tworzenie hand made o\u015bwietlenia w stylu loft<br \/>\n| tworzenie hand made mebli w stylu loft[\/vc_column_text][\/vc_column][vc_column width=&#8221;1\/2&#8243;][vc_single_image image=&#8221;374&#8243; css_animation=&#8221;zoomIn&#8221; alignment=&#8221;left&#8221; css=&#8221;.vc_custom_1749824899576{padding-top: 33px !important;padding-bottom: 33px !important;}&#8221;][\/vc_column][\/vc_row][vc_row full_width=&#8221;stretch_row_content_no_spaces&#8221; wpex_fixed_bg=&#8221;fixed&#8221; css=&#8221;.vc_custom_1655322654191{padding-top: 200px !important;background-image: url(http:\/\/surowo-loftowo.pl\/wp-content\/uploads\/2022\/06\/7BF4536F-3286-4B9C-AAE2-1B033DF50C0A_1_105_c.jpeg?id=337) !important;}&#8221;][vc_column][\/vc_column][\/vc_row][vc_row full_width=&#8221;stretch_row_content_no_spaces&#8221; content_placement=&#8221;top&#8221; css=&#8221;.vc_custom_1655322454466{background-color: #d6d5d5 !important;}&#8221; el_id=&#8221;kontakt&#8221;][vc_column css=&#8221;.vc_custom_1585935802864{padding-top: 30px !important;padding-right: 30px !important;padding-left: 60px !important;}&#8221;][vc_column_text responsive_text=&#8221;true&#8221; font_family=&#8221;Georgia, serif&#8221; color=&#8221;#0a0a0a&#8221; text_align=&#8221;center&#8221;]\n<p style=\"text-align: center;\"><img loading=\"lazy\" class=\"aligncenter wp-image-335 size-medium\" src=\"http:\/\/surowo-loftowo.pl\/wp-content\/uploads\/2022\/06\/logo2-300x212.jpg\" alt=\"\" width=\"300\" height=\"212\" srcset=\"https:\/\/surowo-loftowo.pl\/wp-content\/uploads\/2022\/06\/logo2-300x212.jpg 300w, https:\/\/surowo-loftowo.pl\/wp-content\/uploads\/2022\/06\/logo2.jpg 385w\" sizes=\"(max-width: 300px) 100vw, 300px\" \/><\/p>\n<p style=\"text-align: center;\">KONTAKT:<\/p>\n<p style=\"text-align: center;\">Wyko\u0144czenia Wn\u0119trz<br \/>\nAJ-Loft<br \/>\nAdam Jeziorski,<br \/>\nMalownicza 146a,<br \/>\n42-271 Cz\u0119stochowa<\/p>\n<p>tel: 668 056 396<\/p>\n<p style=\"text-align: center;\">@: info@surowo-loftowo.pl<\/p>\n<p style=\"text-align: center;\">[\/vc_column_text][\/vc_column][\/vc_row][vc_row full_width=&#8221;stretch_row_content_no_spaces&#8221;][vc_column][vc_media_grid element_width=&#8221;3&#8243; gap=&#8221;0&#8243; grid_id=&#8221;vc_gid:1750620787460-d27b8180643ab55cc6756485c8b1d8b2-2&#8243; include=&#8221;351,354,355,366,367,368,370,375,376,377,374,373,378,379,380,381,382,383,384,385,386,387,388,389,390,391,392,393,394,395,396,397,398,399,400,401,402,403,404,405,407,408,409,410,411,412,415,416,417,418,419,420,421,422,406,414,413&#8243;][\/vc_column][\/vc_row][vc_row full_width=&#8221;stretch_row_content_no_spaces&#8221; content_placement=&#8221;top&#8221; column_spacing=&#8221;0px&#8221; el_id=&#8221;kontakt&#8221;][vc_column width=&#8221;1\/4&#8243;][\/vc_column][vc_column width=&#8221;1\/2&#8243; css=&#8221;.vc_custom_1585940551044{padding-right: 30px !important;padding-left: 30px !important;}&#8221;]<h1 class=\"vcex-module vcex-heading vcex-heading-bottom-border-w-color vc_custom_1583480643863\" style=\"color:#000000;font-family:Georgia, serif;font-size:28px;letter-spacing:5px;font-weight:700;text-align:center;text-transform:uppercase;\"><span class=\"vcex-heading-inner clr\" style=\"border-color:#000000;\">Skontaktuj si\u0119 z nami:<\/span><\/h1>\n<div class=\"wpcf7 no-js\" id=\"wpcf7-f5-o1\" lang=\"pl-PL\" dir=\"ltr\">\n<div class=\"screen-reader-response\"><p role=\"status\" aria-live=\"polite\" aria-atomic=\"true\"><\/p> <ul><\/ul><\/div>\n<form action=\"\/index.php?rest_route=%2Fwp%2Fv2%2Fpages%2F2#wpcf7-f5-o1\" method=\"post\" class=\"wpcf7-form init wpcf7-acceptance-as-validation\" aria-label=\"Formularz kontaktowy\" novalidate=\"novalidate\" data-status=\"init\">\n<div style=\"display: none;\">\n<input type=\"hidden\" name=\"_wpcf7\" value=\"5\" \/>\n<input type=\"hidden\" name=\"_wpcf7_version\" value=\"5.7.7\" \/>\n<input type=\"hidden\" name=\"_wpcf7_locale\" value=\"pl_PL\" \/>\n<input type=\"hidden\" name=\"_wpcf7_unit_tag\" value=\"wpcf7-f5-o1\" \/>\n<input type=\"hidden\" name=\"_wpcf7_container_post\" value=\"0\" \/>\n<input type=\"hidden\" name=\"_wpcf7_posted_data_hash\" value=\"\" \/>\n<input type=\"hidden\" name=\"_wpcf7_recaptcha_response\" value=\"\" \/>\n<\/div>\n<p><label> Imi\u0119 i nazwisko (wymagane)<br \/>\n<span class=\"wpcf7-form-control-wrap\" data-name=\"your-name\"><input size=\"40\" class=\"wpcf7-form-control wpcf7-text wpcf7-validates-as-required\" aria-required=\"true\" aria-invalid=\"false\" value=\"\" type=\"text\" name=\"your-name\" \/><\/span> <\/label>\n<\/p>\n<p><label> Adres email (wymagane)<br \/>\n<span class=\"wpcf7-form-control-wrap\" data-name=\"your-email\"><input size=\"40\" class=\"wpcf7-form-control wpcf7-text wpcf7-email wpcf7-validates-as-required wpcf7-validates-as-email\" aria-required=\"true\" aria-invalid=\"false\" value=\"\" type=\"email\" name=\"your-email\" \/><\/span> <\/label>\n<\/p>\n<p><label> Temat<br \/>\n<span class=\"wpcf7-form-control-wrap\" data-name=\"your-subject\"><input size=\"40\" class=\"wpcf7-form-control wpcf7-text\" aria-invalid=\"false\" value=\"\" type=\"text\" name=\"your-subject\" \/><\/span> <\/label>\n<\/p>\n<p><label> Tre\u015b\u0107 wiadomo\u015bci<br \/>\n<span class=\"wpcf7-form-control-wrap\" data-name=\"your-message\"><textarea cols=\"40\" rows=\"10\" class=\"wpcf7-form-control wpcf7-textarea\" aria-invalid=\"false\" name=\"your-message\"><\/textarea><\/span> <\/label>\n<\/p>\n<p align=\"justify\"><span class=\"wpcf7-form-control-wrap\" data-name=\"rodo\"><span class=\"wpcf7-form-control wpcf7-acceptance\"><span class=\"wpcf7-list-item\"><label><input type=\"checkbox\" name=\"rodo\" value=\"1\" aria-invalid=\"false\" \/><span class=\"wpcf7-list-item-label\">Na podstawie art. 6 ust. 1 lit. a og\u00f3lnego rozporz\u0105dzenia o ochronie danych osobowych z dnia 27 kwietnia 2016 r. (Dz. Urz. UE L. Nr 119 str. 1 z 04.05.2016 r. (RODO)): Wyra\u017cam zgod\u0119 na przetwarzanie przez Adam Jeziorski moich danych osobowych w celu obs\u0142ugi zapytania kontaktowego. Zosta\u0142em \/am poinformowany \/a, \u017ce przys\u0142uguje mi prawo dost\u0119pu do swoich danych, mo\u017cliwo\u015bci ich poprawiania, \u017c\u0105dania zaprzestania ich przetwarzania. Administratorem danych osobowych jest (Adam Jeziorski)\" <a href=\"http:\/\/surowo-loftowo.pl\/polityka-prywatnosci\/\">Polityka Prywatno\u015bci<\/a><\/p><\/span><\/label><\/span><\/span><\/span>\n<\/p>\n<p><input class=\"wpcf7-form-control has-spinner wpcf7-submit\" type=\"submit\" value=\"WY\u015aLIJ\" \/>\n<\/p><div class=\"wpcf7-response-output\" aria-hidden=\"true\"><\/div>\n<\/form>\n<\/div>\n[\/vc_column][vc_column width=&#8221;1\/4&#8243;][\/vc_column][\/vc_row][vc_row full_width=&#8221;stretch_row_content_no_spaces&#8221; column_spacing=&#8221;0px&#8221;][vc_column][vc_gmaps link=&#8221;#E-8_JTNDaWZyYW1lJTIwc3JjJTNEJTIyaHR0cHMlM0ElMkYlMkZ3d3cuZ29vZ2xlLmNvbSUyRm1hcHMlMkZlbWJlZCUzRnBiJTNEJTIxMW0xOCUyMTFtMTIlMjExbTMlMjExZDI1MjQuODU1NTgyNzUwNDgwNiUyMTJkMTkuMDc1MjE4MDc2NjIxMzI2JTIxM2Q1MC43NDExNjczNjYzODg4NyUyMTJtMyUyMTFmMCUyMTJmMCUyMTNmMCUyMTNtMiUyMTFpMTAyNCUyMTJpNzY4JTIxNGYxMy4xJTIxM20zJTIxMW0yJTIxMXMweDQ3MTBjYmNjOWZmMGFiYzclMjUzQTB4NmQ4MTExZjM0OTBmMWJlNSUyMTJzTWFsb3duaWN6YSUyNTIwMTU5JTI1MkMlMjUyMDQyLTIwMCUyNTIwQ3olMjVDNCUyNTk5c3RvY2hvd2ElMjE1ZTAlMjEzbTIlMjExc3BsJTIxMnNwbCUyMTR2MTc1MDYyMDg3Mzg5OSUyMTVtMiUyMTFzcGwlMjEyc3BsJTIyJTIwd2lkdGglM0QlMjI2MDAlMjIlMjBoZWlnaHQlM0QlMjI0NTAlMjIlMjBzdHlsZSUzRCUyMmJvcmRlciUzQTAlM0IlMjIlMjBhbGxvd2Z1bGxzY3JlZW4lM0QlMjIlMjIlMjBsb2FkaW5nJTNEJTIybGF6eSUyMiUyMHJlZmVycmVycG9saWN5JTNEJTIybm8tcmVmZXJyZXItd2hlbi1kb3duZ3JhZGUlMjIlM0UlM0MlMkZpZnJhbWUlM0U=&#8221; size=&#8221;full&#8221;][\/vc_column][\/vc_row]\n","protected":false},"excerpt":{"rendered":"<p>[vc_row full_width=&#8221;stretch_row_content_no_spaces&#8221; column_spacing=&#8221;0px&#8221;][vc_column visibility=&#8221;visible-phone&#8221;][rev_slider_vc alias=&#8221;mobileslider&#8221;][\/vc_column][\/vc_row][vc_row full_width=&#8221;stretch_row_content_no_spaces&#8221; column_spacing=&#8221;0px&#8221; css=&#8221;.vc_custom_1594707770673{background-color: #ffffff !important;}&#8221;][vc_column visibility=&#8221;hidden-phone&#8221;][rev_slider_vc alias=&#8221;cafe-home&#8221;][\/vc_column][\/vc_row][vc_row full_width=&#8221;stretch_row_content_no_spaces&#8221; css=&#8221;.vc_custom_1585935398223{padding-top: 30px !important;}&#8221;][vc_column css=&#8221;.vc_custom_1585940532567{padding-left: 30px !important;}&#8221;][vc_column_text responsive_text=&#8221;true&#8221; font_size=&#8221;35&#8243; text_align=&#8221;center&#8221; color=&#8221;#000000&#8243; css=&#8221;.vc_custom_1749825068287{padding-top: 35px !important;padding-bottom: 35px !important;}&#8221;] WYSOKIEJ JAKO\u015aCI US\u0141UGI WYKO\u0143CZENIA WN\u0118TRZ Loft &amp; Handmade \u2013 tu rodzi si\u0119&hellip;<\/p>\n","protected":false},"author":1,"featured_media":0,"parent":0,"menu_order":0,"comment_status":"closed","ping_status":"closed","template":"","meta":[],"_links":{"self":[{"href":"https:\/\/surowo-loftowo.pl\/index.php?rest_route=\/wp\/v2\/pages\/2"}],"collection":[{"href":"https:\/\/surowo-loftowo.pl\/index.php?rest_route=\/wp\/v2\/pages"}],"about":[{"href":"https:\/\/surowo-loftowo.pl\/index.php?rest_route=\/wp\/v2\/types\/page"}],"author":[{"embeddable":true,"href":"https:\/\/surowo-loftowo.pl\/index.php?rest_route=\/wp\/v2\/users\/1"}],"replies":[{"embeddable":true,"href":"https:\/\/surowo-loftowo.pl\/index.php?rest_route=%2Fwp%2Fv2%2Fcomments&post=2"}],"version-history":[{"count":125,"href":"https:\/\/surowo-loftowo.pl\/index.php?rest_route=\/wp\/v2\/pages\/2\/revisions"}],"predecessor-version":[{"id":424,"href":"https:\/\/surowo-loftowo.pl\/index.php?rest_route=\/wp\/v2\/pages\/2\/revisions\/424"}],"wp:attachment":[{"href":"https:\/\/surowo-loftowo.pl\/index.php?rest_route=%2Fwp%2Fv2%2Fmedia&parent=2"}],"curies":[{"name":"wp","href":"https:\/\/api.w.org\/{rel}","templated":true}]}}